{"id":70,"date":"2021-01-14T10:49:59","date_gmt":"2021-01-14T10:49:59","guid":{"rendered":"https:\/\/www.sylvie-lacoste.com\/WP\/?page_id=70"},"modified":"2025-01-22T14:09:38","modified_gmt":"2025-01-22T14:09:38","slug":"contact","status":"publish","type":"page","link":"https:\/\/www.sylvie-lacoste.com\/WP\/contact\/","title":{"rendered":"O\u00f9 me trouver ?"},"content":{"rendered":"<h3>\u00a0<\/h3>\n<h3>En\u00a0 boutique,<\/h3>\n<h3>Ty Arzou\u00a0 &#8211;\u00a0 21 rue Poncelin &#8211; Le Conquet<\/h3>\n<h3>N&rsquo;h\u00e9sitez pas \u00e0 me contacter par t\u00e9l\u00e9phone ou par le mail de contact du site.<\/h3>\n<h3>Merci de votre fid\u00e9lit\u00e9 et de votre confiance.<\/h3>\n<p>\u00a0<\/p>\n<p><img loading=\"lazy\" class=\"alignnone size-medium wp-image-196 aligncenter\" src=\"https:\/\/www.sylvie-lacoste.com\/WP\/wp-content\/uploads\/2018\/12\/prieure\u0301-169x300.jpg\" alt=\"\" width=\"169\" height=\"300\" srcset=\"https:\/\/www.sylvie-lacoste.com\/WP\/wp-content\/uploads\/2018\/12\/prieure\u0301-169x300.jpg 169w, https:\/\/www.sylvie-lacoste.com\/WP\/wp-content\/uploads\/2018\/12\/prieure\u0301-576x1024.jpg 576w, https:\/\/www.sylvie-lacoste.com\/WP\/wp-content\/uploads\/2018\/12\/prieure\u0301.jpg 720w\" sizes=\"(max-width: 169px) 100vw, 169px\" \/><\/p>\n<h3>Et \u00e0 l&rsquo;Atelier :<\/h3>\n<h3>28 rue S\u00e9bastien Guiziou \u00e0 Loctudy\u00a0 (29750)<\/h3>\n<h3>02 98 87 49 19 &#8211; 06 85 68 80 78<\/h3>\n<p><img loading=\"lazy\" class=\"alignnone size-medium wp-image-183\" src=\"https:\/\/www.sylvie-lacoste.com\/WP\/wp-content\/uploads\/2018\/12\/etageres-240x300.jpg\" alt=\"\" width=\"240\" height=\"300\" srcset=\"https:\/\/www.sylvie-lacoste.com\/WP\/wp-content\/uploads\/2018\/12\/etageres-240x300.jpg 240w, https:\/\/www.sylvie-lacoste.com\/WP\/wp-content\/uploads\/2018\/12\/etageres-768x962.jpg 768w, https:\/\/www.sylvie-lacoste.com\/WP\/wp-content\/uploads\/2018\/12\/etageres-818x1024.jpg 818w\" sizes=\"(max-width: 240px) 100vw, 240px\" \/><\/p>\n<p>\u00a0<\/p>\n<p><iframe loading=\"lazy\" style=\"border: 0;\" src=\"https:\/\/www.google.com\/maps\/embed?pb=!1m18!1m12!1m3!1d2678.4013499369657!2d-4.174564583960374!3d47.83181757920029!2m3!1f0!2f0!3f0!3m2!1i1024!2i768!4f13.1!3m3!1m2!1s0x4817329166d78c7d%3A0x707e1978d870da4!2s28+Rue+S%C3%A9bastien+Guiziou%2C+29750+Loctudy!5e0!3m2!1sfr!2sfr!4v1543586690214\" width=\"600\" height=\"450\" frameborder=\"0\" allowfullscreen=\"allowfullscreen\"><span style=\"display: inline-block; width: 0px; overflow: hidden; line-height: 0;\" data-mce-type=\"bookmark\" class=\"mce_SELRES_start\">\ufeff<\/span><\/iframe><\/p>\n<p>\u00a0<\/p>\n<h5><img loading=\"lazy\" class=\"alignnone wp-image-312\" src=\"https:\/\/www.sylvie-lacoste.com\/WP\/wp-content\/uploads\/2019\/02\/facebook-2.png\" alt=\"\" width=\"39\" height=\"39\" \/>\u00a0 Vous pouvez \u00e9galement consulter la page Sylvie Lacoste C\u00e9ramique<\/h5>\n\n\n<p><\/p>\n","protected":false},"excerpt":{"rendered":"<p>\u00a0 En\u00a0 boutique, Ty Arzou\u00a0 &#8211;\u00a0 21 rue Poncelin &#8211; Le Conquet N&rsquo;h\u00e9sitez pas \u00e0 me contacter par t\u00e9l\u00e9phone ou par le mail de contact du site. Merci de votre fid\u00e9lit\u00e9 et de votre confiance. \u00a0 Et \u00e0 l&rsquo;Atelier : 28 rue S\u00e9bastien Guiziou \u00e0 Loctudy\u00a0 (29750) 02 98 87 49 19 &#8211; 06 85 <a class=\"read-more\" href=\"https:\/\/www.sylvie-lacoste.com\/WP\/contact\/\">Read More<\/a><\/p>\n","protected":false},"author":1,"featured_media":0,"parent":0,"menu_order":0,"comment_status":"closed","ping_status":"closed","template":"","meta":[],"_links":{"self":[{"href":"https:\/\/www.sylvie-lacoste.com\/WP\/wp-json\/wp\/v2\/pages\/70"}],"collection":[{"href":"https:\/\/www.sylvie-lacoste.com\/WP\/wp-json\/wp\/v2\/pages"}],"about":[{"href":"https:\/\/www.sylvie-lacoste.com\/WP\/wp-json\/wp\/v2\/types\/page"}],"author":[{"embeddable":true,"href":"https:\/\/www.sylvie-lacoste.com\/WP\/wp-json\/wp\/v2\/users\/1"}],"replies":[{"embeddable":true,"href":"https:\/\/www.sylvie-lacoste.com\/WP\/wp-json\/wp\/v2\/comments?post=70"}],"version-history":[{"count":31,"href":"https:\/\/www.sylvie-lacoste.com\/WP\/wp-json\/wp\/v2\/pages\/70\/revisions"}],"predecessor-version":[{"id":453,"href":"https:\/\/www.sylvie-lacoste.com\/WP\/wp-json\/wp\/v2\/pages\/70\/revisions\/453"}],"wp:attachment":[{"href":"https:\/\/www.sylvie-lacoste.com\/WP\/wp-json\/wp\/v2\/media?parent=70"}],"curies":[{"name":"wp","href":"https:\/\/api.w.org\/{rel}","templated":true}]}}