{"id":2,"date":"2018-01-18T10:10:23","date_gmt":"2018-01-18T10:10:23","guid":{"rendered":"https:\/\/www.sylvie-lacoste.com\/WP\/?page_id=2"},"modified":"2019-01-18T20:00:58","modified_gmt":"2019-01-18T20:00:58","slug":"sample-page","status":"publish","type":"page","link":"https:\/\/www.sylvie-lacoste.com\/WP\/sample-page\/","title":{"rendered":"Atelier"},"content":{"rendered":"<div id=\"pl-2\"  class=\"panel-layout\" ><div id=\"pg-2-0\"  class=\"panel-grid panel-no-style\" ><div id=\"pgc-2-0-0\"  class=\"panel-grid-cell panel-grid-cell-empty\" ><\/div><div id=\"pgc-2-0-1\"  class=\"panel-grid-cell\" ><div id=\"panel-2-0-1-0\" class=\"so-panel widget widget_text panel-first-child panel-last-child\" data-index=\"0\" >\t\t\t<div class=\"textwidget\"><p><img loading=\"lazy\" class=\"alignnone size-medium wp-image-178\" src=\"https:\/\/www.sylvie-lacoste.com\/WP\/wp-content\/uploads\/2018\/12\/Bloc-terre-175x300.jpg\" alt=\"\" width=\"175\" height=\"300\" srcset=\"https:\/\/www.sylvie-lacoste.com\/WP\/wp-content\/uploads\/2018\/12\/Bloc-terre-175x300.jpg 175w, https:\/\/www.sylvie-lacoste.com\/WP\/wp-content\/uploads\/2018\/12\/Bloc-terre-768x1315.jpg 768w, https:\/\/www.sylvie-lacoste.com\/WP\/wp-content\/uploads\/2018\/12\/Bloc-terre-598x1024.jpg 598w, https:\/\/www.sylvie-lacoste.com\/WP\/wp-content\/uploads\/2018\/12\/Bloc-terre.jpg 1136w\" sizes=\"(max-width: 175px) 100vw, 175px\" \/><\/p>\n<p><strong>La Terre<\/strong><\/p>\n<p>J&rsquo;ai choisi de travailler le gr\u00e8s pour sa faible porosit\u00e9, sa r\u00e9sistance et donc sa fiabilit\u00e9 dans le temps. Les pi\u00e8ces r\u00e9alis\u00e9es deviennent des objets du quotidien, sans aucune alt\u00e9ration li\u00e9e \u00e0 l&rsquo;usage et \u00e0 la vie moderne (micro-ondes et lave vaisselle !).<\/p>\n<p>&nbsp;<\/p>\n<p>&nbsp;<\/p>\n<p>&nbsp;<\/p>\n<p><strong><img loading=\"lazy\" class=\"alignnone wp-image-179\" src=\"https:\/\/www.sylvie-lacoste.com\/WP\/wp-content\/uploads\/2018\/12\/main2-240x300.jpg\" alt=\"\" width=\"178\" height=\"223\" srcset=\"https:\/\/www.sylvie-lacoste.com\/WP\/wp-content\/uploads\/2018\/12\/main2-240x300.jpg 240w, https:\/\/www.sylvie-lacoste.com\/WP\/wp-content\/uploads\/2018\/12\/main2-768x960.jpg 768w, https:\/\/www.sylvie-lacoste.com\/WP\/wp-content\/uploads\/2018\/12\/main2-819x1024.jpg 819w, https:\/\/www.sylvie-lacoste.com\/WP\/wp-content\/uploads\/2018\/12\/main2.jpg 869w\" sizes=\"(max-width: 178px) 100vw, 178px\" \/><\/strong><\/p>\n<p><strong>Le tournage<\/strong><\/p>\n<p>A l&rsquo;exception des plats de service et des assiettes, chaque pi\u00e8ce est r\u00e9alis\u00e9e au tour.<\/p>\n<p>&nbsp;<\/p>\n<p>&nbsp;<\/p>\n<p><img loading=\"lazy\" class=\"alignnone wp-image-182\" src=\"https:\/\/www.sylvie-lacoste.com\/WP\/wp-content\/uploads\/2018\/12\/tournassage-300x225.jpg\" alt=\"\" width=\"183\" height=\"138\" srcset=\"https:\/\/www.sylvie-lacoste.com\/WP\/wp-content\/uploads\/2018\/12\/tournassage-300x225.jpg 300w, https:\/\/www.sylvie-lacoste.com\/WP\/wp-content\/uploads\/2018\/12\/tournassage-768x576.jpg 768w, https:\/\/www.sylvie-lacoste.com\/WP\/wp-content\/uploads\/2018\/12\/tournassage-1024x768.jpg 1024w, https:\/\/www.sylvie-lacoste.com\/WP\/wp-content\/uploads\/2018\/12\/tournassage.jpg 2048w\" sizes=\"(max-width: 183px) 100vw, 183px\" \/><\/p>\n<p><strong>Le tournassage<\/strong><\/p>\n<p>Consiste \u00e0 enlever le surplus d&rsquo;argile laiss\u00e9 au tournage et \u00e0 dessiner la base de l&rsquo;objet. Cette op\u00e9ration intervient apr\u00e8s un temps de s\u00e9chage, \u00e9vitant \u00e0 la pi\u00e8ce de se d\u00e9former.<\/p>\n<p>&nbsp;<\/p>\n<p>&nbsp;<\/p>\n<p><img loading=\"lazy\" class=\"alignnone wp-image-180\" src=\"https:\/\/www.sylvie-lacoste.com\/WP\/wp-content\/uploads\/2018\/12\/cuisson-biscuit-225x300.jpg\" alt=\"\" width=\"188\" height=\"251\" srcset=\"https:\/\/www.sylvie-lacoste.com\/WP\/wp-content\/uploads\/2018\/12\/cuisson-biscuit-225x300.jpg 225w, https:\/\/www.sylvie-lacoste.com\/WP\/wp-content\/uploads\/2018\/12\/cuisson-biscuit-768x1024.jpg 768w, https:\/\/www.sylvie-lacoste.com\/WP\/wp-content\/uploads\/2018\/12\/cuisson-biscuit.jpg 1536w\" sizes=\"(max-width: 188px) 100vw, 188px\" \/><\/p>\n<p><strong>La cuisson du biscuit<\/strong><\/p>\n<p>Les pi\u00e8ces sont cuites dans un four \u00e0 gaz. Cette premi\u00e8re cuisson se r\u00e9alise tr\u00e8s lentement pour \u00e9viter les risques de fissures. La cuisson dure 8 heures pour atteindre la temp\u00e9rature de 980 \u00b0. L&rsquo;ouverture de la porte se fera \u00e0 temp\u00e9rature ambiante.<\/p>\n<p>&nbsp;<\/p>\n<p>&nbsp;<\/p>\n<p><img loading=\"lazy\" class=\"alignnone wp-image-181\" src=\"https:\/\/www.sylvie-lacoste.com\/WP\/wp-content\/uploads\/2018\/12\/emaillage-225x300.jpg\" alt=\"\" width=\"192\" height=\"256\" srcset=\"https:\/\/www.sylvie-lacoste.com\/WP\/wp-content\/uploads\/2018\/12\/emaillage-225x300.jpg 225w, https:\/\/www.sylvie-lacoste.com\/WP\/wp-content\/uploads\/2018\/12\/emaillage-768x1024.jpg 768w, https:\/\/www.sylvie-lacoste.com\/WP\/wp-content\/uploads\/2018\/12\/emaillage.jpg 1536w\" sizes=\"(max-width: 192px) 100vw, 192px\" \/><\/p>\n<p><strong>L&rsquo;\u00e9maillage<\/strong><\/p>\n<p>Apr\u00e8s cette premi\u00e8re cuisson, les pi\u00e8ces sont plong\u00e9es dans un bain d&rsquo;\u00e9mail (association de mati\u00e8res min\u00e9rales et d&rsquo;oxydes colorants). S&rsquo;agissant de pi\u00e8ces \u00e0 usage alimentaire, aucune mati\u00e8re toxique est utilis\u00e9e.<\/p>\n<p>&nbsp;<\/p>\n<p>&nbsp;<\/p>\n<p>&nbsp;<\/p>\n<p><strong>La cuisson d&rsquo;\u00e9mail<\/strong><\/p>\n<p>Cette deuxi\u00e8me cuisson ira \u00e0 la temp\u00e9rature de 1280\u00b0. La cuisson au gaz permet de jouer avec les \u00e9maux et d&rsquo;obtenir des effets de mati\u00e8re en intervenant sur l&rsquo;atmosph\u00e8re de la cuisson oxydante ou r\u00e9ductrice.<\/p>\n<p>&nbsp;<\/p>\n<\/div>\n\t\t<\/div><\/div><\/div><div id=\"pg-2-1\"  class=\"panel-grid panel-no-style\" ><div id=\"pgc-2-1-0\"  class=\"panel-grid-cell panel-grid-cell-empty panel-grid-cell-mobile-last\" ><\/div><div id=\"pgc-2-1-1\"  class=\"panel-grid-cell panel-grid-cell-empty\" ><\/div><\/div><div id=\"pg-2-2\"  class=\"panel-grid panel-no-style\" ><div id=\"pgc-2-2-0\"  class=\"panel-grid-cell panel-grid-cell-empty\" ><\/div><\/div><\/div>","protected":false},"excerpt":{"rendered":"<p>La Terre J&rsquo;ai choisi de travailler le gr\u00e8s pour sa faible porosit\u00e9, sa r\u00e9sistance et donc sa fiabilit\u00e9 dans le temps. Les pi\u00e8ces r\u00e9alis\u00e9es deviennent des objets du quotidien, sans aucune alt\u00e9ration li\u00e9e \u00e0 l&rsquo;usage et \u00e0 la vie moderne (micro-ondes et lave vaisselle !). &nbsp; &nbsp; &nbsp; Le tournage A l&rsquo;exception des plats de <a class=\"read-more\" href=\"https:\/\/www.sylvie-lacoste.com\/WP\/sample-page\/\">Read More<\/a><\/p>\n","protected":false},"author":1,"featured_media":0,"parent":0,"menu_order":0,"comment_status":"closed","ping_status":"open","template":"","meta":[],"_links":{"self":[{"href":"https:\/\/www.sylvie-lacoste.com\/WP\/wp-json\/wp\/v2\/pages\/2"}],"collection":[{"href":"https:\/\/www.sylvie-lacoste.com\/WP\/wp-json\/wp\/v2\/pages"}],"about":[{"href":"https:\/\/www.sylvie-lacoste.com\/WP\/wp-json\/wp\/v2\/types\/page"}],"author":[{"embeddable":true,"href":"https:\/\/www.sylvie-lacoste.com\/WP\/wp-json\/wp\/v2\/users\/1"}],"replies":[{"embeddable":true,"href":"https:\/\/www.sylvie-lacoste.com\/WP\/wp-json\/wp\/v2\/comments?post=2"}],"version-history":[{"count":20,"href":"https:\/\/www.sylvie-lacoste.com\/WP\/wp-json\/wp\/v2\/pages\/2\/revisions"}],"predecessor-version":[{"id":255,"href":"https:\/\/www.sylvie-lacoste.com\/WP\/wp-json\/wp\/v2\/pages\/2\/revisions\/255"}],"wp:attachment":[{"href":"https:\/\/www.sylvie-lacoste.com\/WP\/wp-json\/wp\/v2\/media?parent=2"}],"curies":[{"name":"wp","href":"https:\/\/api.w.org\/{rel}","templated":true}]}}